{"id":312,"date":"2024-01-29T18:19:19","date_gmt":"2024-01-29T17:19:19","guid":{"rendered":"https:\/\/buscahuellas.com\/?page_id=312"},"modified":"2024-02-09T04:21:06","modified_gmt":"2024-02-09T03:21:06","slug":"formulario-2","status":"publish","type":"page","link":"https:\/\/buscahuellas.com\/index.php\/formulario-2\/","title":{"rendered":"formulario 2"},"content":{"rendered":"\t\t<div data-elementor-type=\"wp-page\" data-elementor-id=\"312\" class=\"elementor elementor-312\">\n\t\t\t\t<div class=\"elementor-element elementor-element-498bd9d9 e-con-full e-flex e-con e-parent\" data-id=\"498bd9d9\" data-element_type=\"container\" data-e-type=\"container\" data-settings=\"{&quot;background_background&quot;:&quot;classic&quot;}\">\n\t\t\t\t<div class=\"elementor-element elementor-element-4d69632d elementor-widget elementor-widget-image\" data-id=\"4d69632d\" data-element_type=\"widget\" data-e-type=\"widget\" data-widget_type=\"image.default\">\n\t\t\t\t<div class=\"elementor-widget-container\">\n\t\t\t\t\t\t\t\t\t\t\t\t\t\t\t<img fetchpriority=\"high\" decoding=\"async\" width=\"800\" height=\"800\" src=\"https:\/\/buscahuellas.com\/wp-content\/uploads\/2024\/01\/5-1024x1024.png\" class=\"attachment-large size-large wp-image-175\" alt=\"\" srcset=\"https:\/\/buscahuellas.com\/wp-content\/uploads\/2024\/01\/5-1024x1024.png 1024w, https:\/\/buscahuellas.com\/wp-content\/uploads\/2024\/01\/5-300x300.png 300w, https:\/\/buscahuellas.com\/wp-content\/uploads\/2024\/01\/5-150x150.png 150w, https:\/\/buscahuellas.com\/wp-content\/uploads\/2024\/01\/5-768x768.png 768w, https:\/\/buscahuellas.com\/wp-content\/uploads\/2024\/01\/5-600x600.png 600w, https:\/\/buscahuellas.com\/wp-content\/uploads\/2024\/01\/5-100x100.png 100w, https:\/\/buscahuellas.com\/wp-content\/uploads\/2024\/01\/5.png 1080w\" sizes=\"(max-width: 800px) 100vw, 800px\" \/>\t\t\t\t\t\t\t\t\t\t\t\t\t\t\t<\/div>\n\t\t\t\t<\/div>\n\t\t\t\t<div class=\"elementor-element elementor-element-1c1c0257 elementor-widget elementor-widget-heading\" data-id=\"1c1c0257\" data-element_type=\"widget\" data-e-type=\"widget\" data-widget_type=\"heading.default\">\n\t\t\t\t<div class=\"elementor-widget-container\">\n\t\t\t\t\t<h2 class=\"elementor-heading-title elementor-size-large\">Recupera a tu Mascota Perdida<\/h2>\t\t\t\t<\/div>\n\t\t\t\t<\/div>\n\t\t\t\t<div class=\"elementor-element elementor-element-19fe5418 elementor-widget elementor-widget-text-editor\" data-id=\"19fe5418\" data-element_type=\"widget\" data-e-type=\"widget\" data-widget_type=\"text-editor.default\">\n\t\t\t\t<div class=\"elementor-widget-container\">\n\t\t\t\t\t\t\t\t\t<p style=\"text-align: center;\"><span style=\"vertical-align: inherit;\"><span style=\"vertical-align: inherit;\"><span style=\"vertical-align: inherit;\"><span style=\"vertical-align: inherit;\">Registra a tu mascota cuanto antes para encontrarla f\u00e1cilmente si se pierde o escapa. Proporciona informaci\u00f3n precisa y actualizada para recibir una notificaci\u00f3n inmediata si alguien la encuentra.<\/span><\/span><\/span><\/span><\/p><p style=\"text-align: center;\"><span style=\"vertical-align: inherit;\"><span style=\"vertical-align: inherit;\"><span style=\"vertical-align: inherit;\"><span style=\"vertical-align: inherit;\">Es f\u00e1cil y r\u00e1pido, <\/span><\/span><\/span><\/span><\/p><p style=\"text-align: center;\"><span style=\"vertical-align: inherit;\"><span style=\"vertical-align: inherit;\"><span style=\"vertical-align: inherit;\"><span style=\"vertical-align: inherit;\">\u00a1y garantiza la protecci\u00f3n y seguridad de tu mascota!<\/span><\/span><\/span><\/span><\/p>\t\t\t\t\t\t\t\t<\/div>\n\t\t\t\t<\/div>\n\t\t\t\t<div class=\"elementor-element elementor-element-53b0fe14 elementor-mobile-button-align-center elementor-button-align-stretch elementor-widget elementor-widget-form\" data-id=\"53b0fe14\" data-element_type=\"widget\" data-e-type=\"widget\" data-settings=\"{&quot;step_next_label&quot;:&quot;Next&quot;,&quot;step_previous_label&quot;:&quot;Previous&quot;,&quot;button_width&quot;:&quot;100&quot;,&quot;step_type&quot;:&quot;number_text&quot;,&quot;step_icon_shape&quot;:&quot;circle&quot;}\" data-widget_type=\"form.default\">\n\t\t\t\t<div class=\"elementor-widget-container\">\n\t\t\t\t\t\t\t<form class=\"elementor-form\" method=\"post\" name=\"Plan Comunitario\">\n\t\t\t<input type=\"hidden\" name=\"post_id\" value=\"312\"\/>\n\t\t\t<input type=\"hidden\" name=\"form_id\" value=\"53b0fe14\"\/>\n\t\t\t<input type=\"hidden\" name=\"referer_title\" value=\"\" \/>\n\n\t\t\t\n\t\t\t<div class=\"elementor-form-fields-wrapper elementor-labels-above\">\n\t\t\t\t\t\t\t\t<div class=\"elementor-field-type-text elementor-field-group elementor-column elementor-field-group-name elementor-col-50 elementor-field-required elementor-mark-required\">\n\t\t\t\t\t\t\t\t\t\t\t\t<label for=\"form-field-name\" class=\"elementor-field-label\">\n\t\t\t\t\t\t\t\tNombre del Due\u00f1o(a)\t\t\t\t\t\t\t<\/label>\n\t\t\t\t\t\t\t\t\t\t\t\t\t\t<input size=\"1\" type=\"text\" name=\"form_fields[name]\" id=\"form-field-name\" class=\"elementor-field elementor-size-sm  elementor-field-textual\" placeholder=\"Nombre del Due\u00f1o(a)\" required=\"required\" aria-required=\"true\">\n\t\t\t\t\t\t\t\t\t\t\t<\/div>\n\t\t\t\t\t\t\t\t<div class=\"elementor-field-type-select elementor-field-group elementor-column elementor-field-group-field_51c930a elementor-col-20 elementor-field-required elementor-mark-required\">\n\t\t\t\t\t\t\t\t\t\t\t\t<label for=\"form-field-field_51c930a\" class=\"elementor-field-label\">\n\t\t\t\t\t\t\t\tCodigo\t\t\t\t\t\t\t<\/label>\n\t\t\t\t\t\t\t\t<div class=\"elementor-field elementor-select-wrapper \">\n\t\t\t<select name=\"form_fields[field_51c930a]\" id=\"form-field-field_51c930a\" class=\"elementor-field-textual elementor-size-sm\" required=\"required\" aria-required=\"true\">\n\t\t\t\t\t\t\t\t\t<option value=\"Argentina: +54\">Argentina: +54<\/option>\n\t\t\t\t\t\t\t\t\t<option value=\"Bolivia: +591\">Bolivia: +591<\/option>\n\t\t\t\t\t\t\t\t\t<option value=\"Brasil: +55\">Brasil: +55<\/option>\n\t\t\t\t\t\t\t\t\t<option value=\"Belice: +501\">Belice: +501<\/option>\n\t\t\t\t\t\t\t\t\t<option value=\"Chile: +56\">Chile: +56<\/option>\n\t\t\t\t\t\t\t\t\t<option value=\"Colombia: +57\">Colombia: +57<\/option>\n\t\t\t\t\t\t\t\t\t<option value=\"Costa Rica: +506\">Costa Rica: +506<\/option>\n\t\t\t\t\t\t\t\t\t<option value=\"Rep\u00fablica Dominicana: +1-809\">Rep\u00fablica Dominicana: +1-809<\/option>\n\t\t\t\t\t\t\t\t\t<option value=\"Ecuador: +593\">Ecuador: +593<\/option>\n\t\t\t\t\t\t\t\t\t<option value=\"Espa\u00f1a: +34\">Espa\u00f1a: +34<\/option>\n\t\t\t\t\t\t\t\t\t<option value=\"Guatemala: +502\">Guatemala: +502<\/option>\n\t\t\t\t\t\t\t\t\t<option value=\"Honduras: +504\">Honduras: +504<\/option>\n\t\t\t\t\t\t\t\t\t<option value=\"M\u00e9xico: +52\">M\u00e9xico: +52<\/option>\n\t\t\t\t\t\t\t\t\t<option value=\"Nicaragua: +505\">Nicaragua: +505<\/option>\n\t\t\t\t\t\t\t\t\t<option value=\"Panam\u00e1: +507\">Panam\u00e1: +507<\/option>\n\t\t\t\t\t\t\t\t\t<option value=\"Per\u00fa: +51\">Per\u00fa: +51<\/option>\n\t\t\t\t\t\t\t\t\t<option value=\"Paraguay: +595\">Paraguay: +595<\/option>\n\t\t\t\t\t\t\t\t\t<option value=\"El Salvador: +503\">El Salvador: +503<\/option>\n\t\t\t\t\t\t\t\t\t<option value=\"Uruguay: +598\">Uruguay: +598<\/option>\n\t\t\t\t\t\t\t<\/select>\n\t\t<\/div>\n\t\t\t\t\t\t<\/div>\n\t\t\t\t\t\t\t\t<div class=\"elementor-field-type-tel elementor-field-group elementor-column elementor-field-group-field_7d8536f elementor-col-30 elementor-field-required elementor-mark-required\">\n\t\t\t\t\t\t\t\t\t\t\t\t<label for=\"form-field-field_7d8536f\" class=\"elementor-field-label\">\n\t\t\t\t\t\t\t\tNumero de WhatsApp\t\t\t\t\t\t\t<\/label>\n\t\t\t\t\t\t\t\t<input size=\"1\" type=\"tel\" name=\"form_fields[field_7d8536f]\" id=\"form-field-field_7d8536f\" class=\"elementor-field elementor-size-sm  elementor-field-textual\" placeholder=\"Numero de WhatsApp\" required=\"required\" aria-required=\"true\" pattern=\"[0-9()#&amp;+*-=.]+\" title=\"Only numbers and phone characters (#, -, *, etc) are accepted.\">\n\n\t\t\t\t\t\t<\/div>\n\t\t\t\t\t\t\t\t<div class=\"elementor-field-type-email elementor-field-group elementor-column elementor-field-group-email elementor-col-50 elementor-field-required elementor-mark-required\">\n\t\t\t\t\t\t\t\t\t\t\t\t<label for=\"form-field-email\" class=\"elementor-field-label\">\n\t\t\t\t\t\t\t\tEmail\t\t\t\t\t\t\t<\/label>\n\t\t\t\t\t\t\t\t\t\t\t\t\t\t<input size=\"1\" type=\"email\" name=\"form_fields[email]\" id=\"form-field-email\" class=\"elementor-field elementor-size-sm  elementor-field-textual\" placeholder=\"Email\" required=\"required\" aria-required=\"true\">\n\t\t\t\t\t\t\t\t\t\t\t<\/div>\n\t\t\t\t\t\t\t\t<div class=\"elementor-field-type-text elementor-field-group elementor-column elementor-field-group-field_865e56c elementor-col-50 elementor-field-required elementor-mark-required\">\n\t\t\t\t\t\t\t\t\t\t\t\t<label for=\"form-field-field_865e56c\" class=\"elementor-field-label\">\n\t\t\t\t\t\t\t\tNombre de la Mascota\t\t\t\t\t\t\t<\/label>\n\t\t\t\t\t\t\t\t\t\t\t\t\t\t<input size=\"1\" type=\"text\" name=\"form_fields[field_865e56c]\" id=\"form-field-field_865e56c\" class=\"elementor-field elementor-size-sm  elementor-field-textual\" placeholder=\"Nombre de la Mascota\" required=\"required\" aria-required=\"true\">\n\t\t\t\t\t\t\t\t\t\t\t<\/div>\n\t\t\t\t\t\t\t\t<div class=\"elementor-field-type-date elementor-field-group elementor-column elementor-field-group-field_8dac9ce elementor-col-25 elementor-field-required elementor-mark-required\">\n\t\t\t\t\t\t\t\t\t\t\t\t<label for=\"form-field-field_8dac9ce\" class=\"elementor-field-label\">\n\t\t\t\t\t\t\t\tFecha del Extravi\u00f3\t\t\t\t\t\t\t<\/label>\n\t\t\t\t\t\t\n\t\t<input type=\"date\" name=\"form_fields[field_8dac9ce]\" id=\"form-field-field_8dac9ce\" class=\"elementor-field elementor-size-sm  elementor-field-textual elementor-date-field\" placeholder=\"Fecha del Extravi\u00f3\" required=\"required\" aria-required=\"true\" pattern=\"[0-9]{4}-[0-9]{2}-[0-9]{2}\">\n\t\t\t\t\t\t<\/div>\n\t\t\t\t\t\t\t\t<div class=\"elementor-field-type-number elementor-field-group elementor-column elementor-field-group-field_1cb07db elementor-col-25\">\n\t\t\t\t\t\t\t\t\t\t\t\t<label for=\"form-field-field_1cb07db\" class=\"elementor-field-label\">\n\t\t\t\t\t\t\t\tRecompensa\t\t\t\t\t\t\t<\/label>\n\t\t\t\t\t\t\t\t\t<input type=\"number\" name=\"form_fields[field_1cb07db]\" id=\"form-field-field_1cb07db\" class=\"elementor-field elementor-size-sm  elementor-field-textual\" placeholder=\"Valor de Recompensa si es el Caso\" min=\"\" max=\"\" >\n\t\t\t\t\t\t<\/div>\n\t\t\t\t\t\t\t\t<div class=\"elementor-field-type-select elementor-field-group elementor-column elementor-field-group-field_d180582 elementor-col-25 elementor-field-required elementor-mark-required\">\n\t\t\t\t\t\t\t\t\t\t\t\t<label for=\"form-field-field_d180582\" class=\"elementor-field-label\">\n\t\t\t\t\t\t\t\tTipo de Mascota\t\t\t\t\t\t\t<\/label>\n\t\t\t\t\t\t\t\t<div class=\"elementor-field elementor-select-wrapper \">\n\t\t\t<select name=\"form_fields[field_d180582]\" id=\"form-field-field_d180582\" class=\"elementor-field-textual elementor-size-sm\" required=\"required\" aria-required=\"true\">\n\t\t\t\t\t\t\t\t\t<option value=\"Perro\">Perro<\/option>\n\t\t\t\t\t\t\t\t\t<option value=\"Gato\">Gato<\/option>\n\t\t\t\t\t\t\t\t\t<option value=\"Ave\">Ave<\/option>\n\t\t\t\t\t\t\t\t\t<option value=\"Conejo\">Conejo<\/option>\n\t\t\t\t\t\t\t\t\t<option value=\"otros\">otros<\/option>\n\t\t\t\t\t\t\t<\/select>\n\t\t<\/div>\n\t\t\t\t\t\t<\/div>\n\t\t\t\t\t\t\t\t<div class=\"elementor-field-type-select elementor-field-group elementor-column elementor-field-group-field_3695a44 elementor-col-25 elementor-field-required elementor-mark-required\">\n\t\t\t\t\t\t\t\t\t\t\t\t<label for=\"form-field-field_3695a44\" class=\"elementor-field-label\">\n\t\t\t\t\t\t\t\tGenero\t\t\t\t\t\t\t<\/label>\n\t\t\t\t\t\t\t\t<div class=\"elementor-field elementor-select-wrapper \">\n\t\t\t<select name=\"form_fields[field_3695a44]\" id=\"form-field-field_3695a44\" class=\"elementor-field-textual elementor-size-sm\" required=\"required\" aria-required=\"true\">\n\t\t\t\t\t\t\t\t\t<option value=\"Hembra\">Hembra<\/option>\n\t\t\t\t\t\t\t\t\t<option value=\"Masculino\">Masculino<\/option>\n\t\t\t\t\t\t\t<\/select>\n\t\t<\/div>\n\t\t\t\t\t\t<\/div>\n\t\t\t\t\t\t\t\t<div class=\"elementor-field-type-select elementor-field-group elementor-column elementor-field-group-field_f618e8a elementor-col-33 elementor-field-required elementor-mark-required\">\n\t\t\t\t\t\t\t\t\t\t\t\t<label for=\"form-field-field_f618e8a\" class=\"elementor-field-label\">\n\t\t\t\t\t\t\t\tTama\u00f1o de Mascota\t\t\t\t\t\t\t<\/label>\n\t\t\t\t\t\t\t\t<div class=\"elementor-field elementor-select-wrapper \">\n\t\t\t<select name=\"form_fields[field_f618e8a]\" id=\"form-field-field_f618e8a\" class=\"elementor-field-textual elementor-size-sm\" required=\"required\" aria-required=\"true\">\n\t\t\t\t\t\t\t\t\t<option value=\"\"><\/option>\n\t\t\t\t\t\t\t\t\t<option value=\"Peque\u00f1o\">Peque\u00f1o<\/option>\n\t\t\t\t\t\t\t\t\t<option value=\"Mediano\">Mediano<\/option>\n\t\t\t\t\t\t\t\t\t<option value=\"Grande\">Grande<\/option>\n\t\t\t\t\t\t\t<\/select>\n\t\t<\/div>\n\t\t\t\t\t\t<\/div>\n\t\t\t\t\t\t\t\t<div class=\"elementor-field-type-number elementor-field-group elementor-column elementor-field-group-field_87f892a elementor-col-33 elementor-field-required elementor-mark-required\">\n\t\t\t\t\t\t\t\t\t\t\t\t<label for=\"form-field-field_87f892a\" class=\"elementor-field-label\">\n\t\t\t\t\t\t\t\tEdad\t\t\t\t\t\t\t<\/label>\n\t\t\t\t\t\t\t\t\t<input type=\"number\" name=\"form_fields[field_87f892a]\" id=\"form-field-field_87f892a\" class=\"elementor-field elementor-size-sm  elementor-field-textual\" required=\"required\" aria-required=\"true\" min=\"\" max=\"\" >\n\t\t\t\t\t\t<\/div>\n\t\t\t\t\t\t\t\t<div class=\"elementor-field-type-select elementor-field-group elementor-column elementor-field-group-field_ad4d916 elementor-col-33 elementor-field-required elementor-mark-required\">\n\t\t\t\t\t\t\t\t\t\t\t\t<label for=\"form-field-field_ad4d916\" class=\"elementor-field-label\">\n\t\t\t\t\t\t\t\tPa\u00eds donde se Extravi\u00f3 \t\t\t\t\t\t\t<\/label>\n\t\t\t\t\t\t\t\t<div class=\"elementor-field elementor-select-wrapper \">\n\t\t\t<select name=\"form_fields[field_ad4d916]\" id=\"form-field-field_ad4d916\" class=\"elementor-field-textual elementor-size-sm\" required=\"required\" aria-required=\"true\">\n\t\t\t\t\t\t\t\t\t<option value=\"Argentina\">Argentina<\/option>\n\t\t\t\t\t\t\t\t\t<option value=\"Bolivia\">Bolivia<\/option>\n\t\t\t\t\t\t\t\t\t<option value=\"Brasil\">Brasil<\/option>\n\t\t\t\t\t\t\t\t\t<option value=\"Belice\">Belice<\/option>\n\t\t\t\t\t\t\t\t\t<option value=\"Chile\">Chile<\/option>\n\t\t\t\t\t\t\t\t\t<option value=\"Colombia\">Colombia<\/option>\n\t\t\t\t\t\t\t\t\t<option value=\"Costa Rica\">Costa Rica<\/option>\n\t\t\t\t\t\t\t\t\t<option value=\"Rep\u00fablica Dominicana\">Rep\u00fablica Dominicana<\/option>\n\t\t\t\t\t\t\t\t\t<option value=\"Ecuador\">Ecuador<\/option>\n\t\t\t\t\t\t\t\t\t<option value=\"Espa\u00f1a\">Espa\u00f1a<\/option>\n\t\t\t\t\t\t\t\t\t<option value=\"Guatemala\">Guatemala<\/option>\n\t\t\t\t\t\t\t\t\t<option value=\"Honduras\">Honduras<\/option>\n\t\t\t\t\t\t\t\t\t<option value=\"M\u00e9xico\">M\u00e9xico<\/option>\n\t\t\t\t\t\t\t\t\t<option value=\"Nicaragua\">Nicaragua<\/option>\n\t\t\t\t\t\t\t\t\t<option value=\"Panam\u00e1\">Panam\u00e1<\/option>\n\t\t\t\t\t\t\t\t\t<option value=\"Per\u00fa\">Per\u00fa<\/option>\n\t\t\t\t\t\t\t\t\t<option value=\"Paraguay\">Paraguay<\/option>\n\t\t\t\t\t\t\t\t\t<option value=\"El Salvador\">El Salvador<\/option>\n\t\t\t\t\t\t\t\t\t<option value=\"Uruguay\">Uruguay<\/option>\n\t\t\t\t\t\t\t<\/select>\n\t\t<\/div>\n\t\t\t\t\t\t<\/div>\n\t\t\t\t\t\t\t\t<div class=\"elementor-field-type-textarea elementor-field-group elementor-column elementor-field-group-message elementor-col-100 elementor-field-required elementor-mark-required\">\n\t\t\t\t\t\t\t\t\t\t\t\t<label for=\"form-field-message\" class=\"elementor-field-label\">\n\t\t\t\t\t\t\t\tDirecci\u00f3n del Extravi\u00f3\t\t\t\t\t\t\t<\/label>\n\t\t\t\t\t\t<textarea class=\"elementor-field-textual elementor-field  elementor-size-sm\" name=\"form_fields[message]\" id=\"form-field-message\" rows=\"2\" placeholder=\"Direcci\u00f3n del Extravi\u00f3\" required=\"required\" aria-required=\"true\"><\/textarea>\t\t\t\t<\/div>\n\t\t\t\t\t\t\t\t<div class=\"elementor-field-type-textarea elementor-field-group elementor-column elementor-field-group-field_7fc4f9e elementor-col-100 elementor-field-required elementor-mark-required\">\n\t\t\t\t\t\t\t\t\t\t\t\t<label for=\"form-field-field_7fc4f9e\" class=\"elementor-field-label\">\n\t\t\t\t\t\t\t\tDescripci\u00f3n de la Mascota \t\t\t\t\t\t\t<\/label>\n\t\t\t\t\t\t<textarea class=\"elementor-field-textual elementor-field  elementor-size-sm\" name=\"form_fields[field_7fc4f9e]\" id=\"form-field-field_7fc4f9e\" rows=\"3\" placeholder=\"Descripci\u00f3n de la Mascota Edad, Color, Caracteristica.\" required=\"required\" aria-required=\"true\"><\/textarea>\t\t\t\t<\/div>\n\t\t\t\t\t\t\t\t<div class=\"elementor-field-type-textarea elementor-field-group elementor-column elementor-field-group-field_028945e elementor-col-100 elementor-field-required elementor-mark-required\">\n\t\t\t\t\t\t\t\t\t\t\t\t<label for=\"form-field-field_028945e\" class=\"elementor-field-label\">\n\t\t\t\t\t\t\t\tDescripcion Adicional\t\t\t\t\t\t\t<\/label>\n\t\t\t\t\t\t<textarea class=\"elementor-field-textual elementor-field  elementor-size-sm\" name=\"form_fields[field_028945e]\" id=\"form-field-field_028945e\" rows=\"2\" placeholder=\"Temerosa, Amigable, Nesecita Medicacion.\" required=\"required\" aria-required=\"true\"><\/textarea>\t\t\t\t<\/div>\n\t\t\t\t\t\t\t\t<div class=\"elementor-field-type-upload elementor-field-group elementor-column elementor-field-group-field_6a7f938 elementor-col-50\">\n\t\t\t\t\t\t\t\t\t\t\t\t<label for=\"form-field-field_6a7f938\" class=\"elementor-field-label\">\n\t\t\t\t\t\t\t\tFoto de la Mascota 1\t\t\t\t\t\t\t<\/label>\n\t\t\t\t\t\t\t\t<input type=\"file\" name=\"form_fields[field_6a7f938][]\" id=\"form-field-field_6a7f938\" class=\"elementor-field elementor-size-sm  elementor-upload-field\" multiple=\"multiple\" data-maxsize=\"20\" data-maxsize-message=\"This file exceeds the maximum allowed size.\">\n\n\t\t\t\t\t\t<\/div>\n\t\t\t\t\t\t\t\t<div class=\"elementor-field-type-upload elementor-field-group elementor-column elementor-field-group-field_f2db4b8 elementor-col-50\">\n\t\t\t\t\t\t\t\t\t\t\t\t<label for=\"form-field-field_f2db4b8\" class=\"elementor-field-label\">\n\t\t\t\t\t\t\t\tFoto de la Mascota 2\t\t\t\t\t\t\t<\/label>\n\t\t\t\t\t\t\t\t<input type=\"file\" name=\"form_fields[field_f2db4b8][]\" id=\"form-field-field_f2db4b8\" class=\"elementor-field elementor-size-sm  elementor-upload-field\" multiple=\"multiple\" data-maxsize=\"20\" data-maxsize-message=\"This file exceeds the maximum allowed size.\">\n\n\t\t\t\t\t\t<\/div>\n\t\t\t\t\t\t\t\t<div class=\"elementor-field-type-radio elementor-field-group elementor-column elementor-field-group-field_78ffb7e elementor-col-100 elementor-field-required elementor-mark-required\">\n\t\t\t\t\t\t\t\t\t\t\t\t<label for=\"form-field-field_78ffb7e\" class=\"elementor-field-label\">\n\t\t\t\t\t\t\t\tConfirma el Plan\t\t\t\t\t\t\t<\/label>\n\t\t\t\t\t\t<div class=\"elementor-field-subgroup  \"><span class=\"elementor-field-option\"><input type=\"radio\" value=\"Plan Comunitario\" id=\"form-field-field_78ffb7e-0\" name=\"form_fields[field_78ffb7e]\" required=\"required\" aria-required=\"true\"> <label for=\"form-field-field_78ffb7e-0\">Plan Comunitario<\/label><\/span><\/div>\t\t\t\t<\/div>\n\t\t\t\t\t\t\t\t<div class=\"elementor-field-group elementor-column elementor-field-type-submit elementor-col-100 e-form__buttons\">\n\t\t\t\t\t<button type=\"submit\" class=\"elementor-button elementor-size-sm elementor-animation-pulse-shrink\">\n\t\t\t\t\t\t<span >\n\t\t\t\t\t\t\t\t\t\t\t\t\t\t\t<span class=\" elementor-button-icon\">\n\t\t\t\t\t\t\t\t\t\t\t\t\t\t\t\t\t\t\t\t\t\t\t\t\t\t<\/span>\n\t\t\t\t\t\t\t\t\t\t\t\t\t\t\t\t\t\t\t\t\t\t<span class=\"elementor-button-text\">Comenzar Ahora<\/span>\n\t\t\t\t\t\t\t\t\t\t\t\t\t<\/span>\n\t\t\t\t\t<\/button>\n\t\t\t\t<\/div>\n\t\t\t<\/div>\n\t\t<\/form>\n\t\t\t\t\t\t<\/div>\n\t\t\t\t<\/div>\n\t\t\t\t<div class=\"elementor-element elementor-element-301ee5af elementor-widget elementor-widget-text-editor\" data-id=\"301ee5af\" data-element_type=\"widget\" data-e-type=\"widget\" data-widget_type=\"text-editor.default\">\n\t\t\t\t<div class=\"elementor-widget-container\">\n\t\t\t\t\t\t\t\t\t<p style=\"text-align: center;\"><span style=\"vertical-align: inherit;\"><span style=\"vertical-align: inherit;\">Despu\u00e9s de que los usuarios env\u00eden el formulario, uno de nuestros asesores se pondr\u00e1 en contacto con ellos a trav\u00e9s de WhatsApp para finalizar los detalles correspondiente.<\/span><\/span><\/p><p style=\"text-align: center;\"><span style=\"vertical-align: inherit;\"><span style=\"vertical-align: inherit;\"><span style=\"vertical-align: inherit;\"><span style=\"vertical-align: inherit;\">Queremos asegurarte que tus datos est\u00e1n protegidos y que mantenemos la privacidad de toda la informaci\u00f3n proporcionada.<\/span><\/span><\/span><\/span><\/p><p style=\"text-align: center;\"><span style=\"vertical-align: inherit;\"><span style=\"vertical-align: inherit;\"><span style=\"vertical-align: inherit;\"><span style=\"vertical-align: inherit;\">Tu confianza es fundamental para nosotros, y trabajamos con seriedad y responsabilidad en cada caso de b\u00fasqueda de mascotas extraviadas.<\/span><\/span><\/span><\/span><\/p>\t\t\t\t\t\t\t\t<\/div>\n\t\t\t\t<\/div>\n\t\t\t\t<\/div>\n\t\t\t\t<\/div>\n\t\t","protected":false},"excerpt":{"rendered":"<p>Recupera a tu Mascota Perdida Registra a tu mascota cuanto antes para encontrarla f\u00e1cilmente si se pierde o escapa. Proporciona informaci\u00f3n precisa y actualizada para recibir una notificaci\u00f3n inmediata si alguien la encuentra. Es f\u00e1cil y r\u00e1pido, \u00a1y garantiza la protecci\u00f3n y seguridad de tu mascota! Despu\u00e9s de que los usuarios env\u00eden el formulario, uno [&hellip;]<\/p>\n","protected":false},"author":1,"featured_media":0,"parent":0,"menu_order":0,"comment_status":"closed","ping_status":"closed","template":"elementor_canvas","meta":{"_joinchat":[],"footnotes":""},"class_list":["post-312","page","type-page","status-publish","hentry"],"_links":{"self":[{"href":"https:\/\/buscahuellas.com\/index.php\/wp-json\/wp\/v2\/pages\/312","targetHints":{"allow":["GET"]}}],"collection":[{"href":"https:\/\/buscahuellas.com\/index.php\/wp-json\/wp\/v2\/pages"}],"about":[{"href":"https:\/\/buscahuellas.com\/index.php\/wp-json\/wp\/v2\/types\/page"}],"author":[{"embeddable":true,"href":"https:\/\/buscahuellas.com\/index.php\/wp-json\/wp\/v2\/users\/1"}],"replies":[{"embeddable":true,"href":"https:\/\/buscahuellas.com\/index.php\/wp-json\/wp\/v2\/comments?post=312"}],"version-history":[{"count":14,"href":"https:\/\/buscahuellas.com\/index.php\/wp-json\/wp\/v2\/pages\/312\/revisions"}],"predecessor-version":[{"id":622,"href":"https:\/\/buscahuellas.com\/index.php\/wp-json\/wp\/v2\/pages\/312\/revisions\/622"}],"wp:attachment":[{"href":"https:\/\/buscahuellas.com\/index.php\/wp-json\/wp\/v2\/media?parent=312"}],"curies":[{"name":"wp","href":"https:\/\/api.w.org\/{rel}","templated":true}]}}